{"id":2540,"date":"2022-02-10T16:47:07","date_gmt":"2022-02-10T16:47:07","guid":{"rendered":"https:\/\/cokecanada.com\/fr\/?page_id=2540"},"modified":"2023-03-20T18:41:51","modified_gmt":"2023-03-20T18:41:51","slug":"divulgation-de-marque","status":"publish","type":"page","link":"https:\/\/cokecanada.com\/fr\/divulgation-de-marque\/","title":{"rendered":"Divulgation de marque"},"content":{"rendered":"<h3><span class=\"Y2IQFc\" lang=\"fr\">Divulgation de marque<\/span><\/h3>\n<p>\u00ab Coca-Cola \u00bb et la bouteille contour sont des marques d\u00e9pos\u00e9es de The Coca-Cola Company. The Coca-Cola Company n\u2019endosse pas ni ne peut \u00eatre tenue responsable du contenu affich\u00e9 sur le pr\u00e9sent site Web. La Compagnie d\u2019embouteillage Coca-Cola Canada Limit\u00e9e est une entit\u00e9 juridique ind\u00e9pendante et utilise les marques de commerce de The Coca-Cola Company en vertu d\u2019un contrat de licence constat\u00e9 par \u00e9crit.<\/p>\n","protected":false},"excerpt":{"rendered":"<p>Divulgation de marque \u00ab Coca-Cola \u00bb et la bouteille contour sont des marques d\u00e9pos\u00e9es de The Coca-Cola Company. The Coca-Cola Company n\u2019endosse pas ni ne peut \u00eatre tenue responsable du contenu affich\u00e9 sur le pr\u00e9sent site Web. La Compagnie d\u2019embouteillage Coca-Cola Canada Limit\u00e9e est une entit\u00e9 juridique ind\u00e9pendante et utilise les marques de commerce de [&hellip;]<\/p>\n","protected":false},"author":5,"featured_media":0,"parent":0,"menu_order":0,"comment_status":"closed","ping_status":"open","template":"","meta":{"_acf_changed":false,"footnotes":"","_links_to":"","_links_to_target":""},"class_list":["post-2540","page","type-page","status-publish","hentry"],"acf":[],"_links":{"self":[{"href":"https:\/\/cokecanada.com\/fr\/wp-json\/wp\/v2\/pages\/2540","targetHints":{"allow":["GET"]}}],"collection":[{"href":"https:\/\/cokecanada.com\/fr\/wp-json\/wp\/v2\/pages"}],"about":[{"href":"https:\/\/cokecanada.com\/fr\/wp-json\/wp\/v2\/types\/page"}],"author":[{"embeddable":true,"href":"https:\/\/cokecanada.com\/fr\/wp-json\/wp\/v2\/users\/5"}],"replies":[{"embeddable":true,"href":"https:\/\/cokecanada.com\/fr\/wp-json\/wp\/v2\/comments?post=2540"}],"version-history":[{"count":3,"href":"https:\/\/cokecanada.com\/fr\/wp-json\/wp\/v2\/pages\/2540\/revisions"}],"predecessor-version":[{"id":2544,"href":"https:\/\/cokecanada.com\/fr\/wp-json\/wp\/v2\/pages\/2540\/revisions\/2544"}],"wp:attachment":[{"href":"https:\/\/cokecanada.com\/fr\/wp-json\/wp\/v2\/media?parent=2540"}],"curies":[{"name":"wp","href":"https:\/\/api.w.org\/{rel}","templated":true}]}}